{"id":2,"date":"2024-05-22T20:40:13","date_gmt":"2024-05-22T18:40:13","guid":{"rendered":"http:\/\/alexandredurand.fr\/?page_id=2"},"modified":"2024-05-31T13:14:31","modified_gmt":"2024-05-31T11:14:31","slug":"page-d-exemple","status":"publish","type":"page","link":"https:\/\/alexandredurand.fr\/index.php\/page-d-exemple\/","title":{"rendered":"A propos"},"content":{"rendered":"\n<p>Bienvenue sur mon blog d\u00e9di\u00e9 \u00e0 l&#8217;impression 3D, l&#8217;impression 3D m\u00e9tal et l&#8217;\u00e9lectronique. Accrrochant \u00e0 la mouvance maker, je suis un passionn\u00e9 de technologie et j&#8217;adore partager mes d\u00e9couvertes et exp\u00e9riences dans ces domaines.<\/p>\n\n\n\n<h4 class=\"wp-block-heading\">Pourquoi ce blog ?<\/h4>\n\n\n\n<p>Ce blog est un espace o\u00f9 je partage des articles, des tutoriels et des projets afin de promouvoir mes travaux en hobbies sur :<\/p>\n\n\n\n<ul class=\"wp-block-list\">\n<li><strong>Impression 3D :<\/strong> Techniques, mat\u00e9riaux et applications.<\/li>\n\n\n\n<li><strong>Impression 3D M\u00e9tal :<\/strong> Innovations et utilisations pratiques.<\/li>\n\n\n\n<li><strong>\u00c9lectronique :<\/strong> Projets DIY.<\/li>\n<\/ul>\n\n\n\n<p>Outre la promotion de mes hobbies technologiques, mon objectif long terme est de rendre ces technologies accessibles \u00e0 tous, de vous inspirer et de vous aider \u00e0 r\u00e9aliser vos propres projets. Pour atteindre cet objectif je compte publier de plus en plus d&#8217;articles en mettant l&#8217;accent sur le protocole pour reproduire l&#8217;exp\u00e9rience\/la machine !<\/p>\n\n\n\n<h4 class=\"wp-block-heading\">Contactez-moi <\/h4>\n\n\n\n<p>Contact@alexandredurand.fr<\/p>\n\n\n\n<p>Vous pouvez aussi laisser des commentaires au pied de chaque article ! <\/p>\n","protected":false},"excerpt":{"rendered":"<p>Bienvenue sur mon blog d\u00e9di\u00e9 \u00e0 l&#8217;impression 3D, l&#8217;impression 3D m\u00e9tal et l&#8217;\u00e9lectronique. Accrrochant \u00e0 la mouvance maker, je suis un passionn\u00e9 de technologie et j&#8217;adore partager mes d\u00e9couvertes et exp\u00e9riences dans ces domaines. Pourquoi ce blog ? Ce blog est un espace o\u00f9 je partage des articles, des tutoriels et des projets afin de [&hellip;]<\/p>\n","protected":false},"author":1,"featured_media":0,"parent":0,"menu_order":0,"comment_status":"closed","ping_status":"open","template":"","meta":{"footnotes":""},"class_list":["post-2","page","type-page","status-publish","hentry"],"_links":{"self":[{"href":"https:\/\/alexandredurand.fr\/index.php\/wp-json\/wp\/v2\/pages\/2","targetHints":{"allow":["GET"]}}],"collection":[{"href":"https:\/\/alexandredurand.fr\/index.php\/wp-json\/wp\/v2\/pages"}],"about":[{"href":"https:\/\/alexandredurand.fr\/index.php\/wp-json\/wp\/v2\/types\/page"}],"author":[{"embeddable":true,"href":"https:\/\/alexandredurand.fr\/index.php\/wp-json\/wp\/v2\/users\/1"}],"replies":[{"embeddable":true,"href":"https:\/\/alexandredurand.fr\/index.php\/wp-json\/wp\/v2\/comments?post=2"}],"version-history":[{"count":3,"href":"https:\/\/alexandredurand.fr\/index.php\/wp-json\/wp\/v2\/pages\/2\/revisions"}],"predecessor-version":[{"id":127,"href":"https:\/\/alexandredurand.fr\/index.php\/wp-json\/wp\/v2\/pages\/2\/revisions\/127"}],"wp:attachment":[{"href":"https:\/\/alexandredurand.fr\/index.php\/wp-json\/wp\/v2\/media?parent=2"}],"curies":[{"name":"wp","href":"https:\/\/api.w.org\/{rel}","templated":true}]}}